{"id":56,"date":"2023-01-29T21:28:04","date_gmt":"2023-01-29T21:28:04","guid":{"rendered":"https:\/\/gasthauszursonne.ch\/?page_id=56"},"modified":"2023-05-03T22:31:38","modified_gmt":"2023-05-03T22:31:38","slug":"impressum","status":"publish","type":"page","link":"https:\/\/gasthauszursonne.ch\/?page_id=56","title":{"rendered":"Impressum"},"content":{"rendered":"<p>&nbsp;<\/p>\n<p>&nbsp;<\/p>\n<p>&nbsp;<\/p>\n<p><span style=\"font-family: chalkduster; font-size: 14pt;\"><strong>Rechtliche Informationen:<\/strong><br \/>\n<\/span><\/p>\n<p><img loading=\"lazy\" decoding=\"async\" class=\"alignnone size-medium wp-image-214\" src=\"https:\/\/gasthauszursonne.ch\/wp-content\/uploads\/2023\/01\/Adresse2-300x133.jpg\" alt=\"\" width=\"300\" height=\"133\" srcset=\"https:\/\/gasthauszursonne.ch\/wp-content\/uploads\/2023\/01\/Adresse2-300x133.jpg 300w, https:\/\/gasthauszursonne.ch\/wp-content\/uploads\/2023\/01\/Adresse2.jpg 400w\" sizes=\"auto, (max-width: 300px) 100vw, 300px\" \/><\/p>\n<hr \/>\n<p><span style=\"font-family: chalkduster;\"><strong><span style=\"font-size: 14pt;\">Hosting &amp; Webspace:<\/span><br \/>\n<\/strong><\/span><\/p>\n<p><span style=\"font-family: Arial, Helvetica, sans-serif; color: #000000;\">Diese Webseite l\u00e4uft auf:<a style=\"color: #000000;\" href=\"https:\/\/www.metanet.ch\/\">\u00a0<span style=\"color: #0000ff;\">www.metanet.ch<\/span><\/a><\/span><\/p>\n<hr \/>\n<p><span style=\"font-family: chalkduster;\"><strong><span style=\"font-size: 14pt;\">Webseitenregistrierung (Domain):<\/span><br \/>\n<\/strong><\/span><\/p>\n<p><span style=\"font-family: Arial, Helvetica, sans-serif; color: #000000;\">Diese Webseite wurde registriert:<a style=\"color: #000000;\" href=\"https:\/\/www.metanet.ch\/\">\u00a0<span style=\"color: #0000ff;\">www.metanet.ch<\/span><\/a><\/span><\/p>\n<hr \/>\n<p><span style=\"font-family: chalkduster; font-size: 14pt;\"><strong>Web@reator:<\/strong><\/span><\/p>\n<p><span style=\"font-family: Arial, Helvetica, sans-serif; color: #000000;\">H-N\u00e4f, Informatik, Leimgrund 7, CH-5082 Kaisten<\/span><br \/>\n<a href=\"https:\/\/hnweb.ch\/\"><span style=\"font-family: Arial, Helvetica, sans-serif; color: #0000ff;\">www.hnweb.ch<\/span><\/a><\/p>\n<hr \/>\n<p><span style=\"font-family: chalkduster; font-size: 14pt;\"><strong>Webtemplate:<\/strong><\/span><\/p>\n<p><span style=\"font-family: Arial, Helvetica, sans-serif;\">Free Astra Theme f\u00fcr WordPress. Eigene Anpassungen.<\/span><\/p>\n<p><strong><span style=\"font-family: Arial, Helvetica, sans-serif;\">div. PlugIn:<\/span><\/strong><br \/>\n<span style=\"font-family: Arial, Helvetica, sans-serif;\">-fonts<\/span><br \/>\n<span style=\"font-family: Arial, Helvetica, sans-serif;\">-classic<\/span><br \/>\n<span style=\"font-family: Arial, Helvetica, sans-serif;\">-editor<\/span><br \/>\n<span style=\"font-family: Arial, Helvetica, sans-serif;\">-duplicate<\/span><span style=\"font-family: Arial, Helvetica, sans-serif;\">-page<\/span><br \/>\n<span style=\"font-family: Arial, Helvetica, sans-serif;\">-unite<\/span><span style=\"font-family: Arial, Helvetica, sans-serif;\">-gallery<\/span><br \/>\n<span style=\"font-family: Arial, Helvetica, sans-serif;\">-lite<\/span><br \/>\n<span style=\"font-family: Arial, Helvetica, sans-serif;\">-wordpress-seo<\/span><\/p>\n<hr \/>\n<p><span style=\"font-family: chalkduster; font-size: 14pt;\"><strong>Sicherheitszertifikat:<\/strong><\/span><\/p>\n<p><span style=\"font-family: Arial, Helvetica, sans-serif; color: #000000;\">F\u00fcr diese Seite wurde das Sicherheitszertifikat aktiviert. Somit f\u00fcr Google Aufrufe Kompatibel: <strong>https:<\/strong><\/span><br \/>\n<a href=\"https:\/\/gasthauszursonne.ch\/\"><span style=\"font-family: Arial, Helvetica, sans-serif; color: #0000ff;\">https:\/\/gasthauszursonne.ch\/<\/span><\/a><\/p>\n<hr \/>\n<p><span style=\"font-family: chalkduster; font-size: 14pt;\"><strong>Haftung f\u00fcr Inhalte:<\/strong><\/span><br \/>\n<span style=\"font-family: Arial, Helvetica, sans-serif;\">Die Inhalte unserer Seiten wurden mit gr\u00f6sster Sorgfalt erstellt. F\u00fcr die Richtigkeit, Vollst\u00e4ndigkeit und Aktualit\u00e4t der Inhalte k\u00f6nnen wir jedoch keine Gew\u00e4hr \u00fcbernehmen.<\/span><br \/>\n<span style=\"font-family: Arial, Helvetica, sans-serif;\">Wir sind als Diensteanbieter nicht verpflichtet, \u00fcbermittelte oder gespeicherte fremde Informationen zu \u00fcberwachen oder nach Umst\u00e4nden zu forschen, die auf eine rechtswidrige T\u00e4tigkeit hinweisen. Verpflichtungen zur Entfernung oder Sperrung der Nutzung von Informationen nach den allgemeinen Gesetzen bleiben hiervon unber\u00fchrt. Eine diesbez\u00fcgliche Haftung ist jedoch erst ab dem Zeitpunkt der Kenntnis einer konkreten Rechtsverletzung m\u00f6glich. Bei bekannt werden von entsprechenden Rechtsverletzungen werden wir diese Inhalte umgehend entfernen.<\/span><\/p>\n<hr \/>\n<p><span style=\"font-family: chalkduster; font-size: 14pt;\"><strong>Haftung f\u00fcr Links:<\/strong><\/span><br \/>\n<span style=\"font-family: Arial, Helvetica, sans-serif;\">Unser Angebot enth\u00e4lt Links zu externen Webseiten Dritter, auf deren Inhalte wir keinen Einfluss haben. Deshalb k\u00f6nnen wir f\u00fcr diese fremden Inhalte auch keine Gew\u00e4hr \u00fcbernehmen. F\u00fcr die Inhalte der verlinkten Seiten ist stets der jeweilige Anbieter oder Betreiber der Seiten verantwortlich. Die verlinkten Seiten wurden zum Zeitpunkt der Verlinkung auf m\u00f6gliche Rechtsverst\u00f6sse \u00fcberpr\u00fcft. Rechtswidrige Inhalte waren zum Zeitpunkt der Verlinkung nicht erkennbar. Eine permanente inhaltliche Kontrolle der verlinkten Seiten ist jedoch ohne konkrete Anhaltspunkte einer Rechtsverletzung nicht zumutbar. Bei Bekanntwerden von Rechtsverletzungen werden wir derartige Links umgehend entfernen.<\/span><\/p>\n<hr \/>\n<p><span style=\"font-family: chalkduster; font-size: 14pt;\"><strong>Urheberrecht:<\/strong><\/span><br \/>\n<span style=\"font-family: Arial, Helvetica, sans-serif;\">Die durch die Seitenbetreiber erstellten Inhalte und Werke auf diesen Seiten unterliegen dem schweizer Urheberrecht. Die Vervielf\u00e4ltigung, Bearbeitung, Verbreitung und jede Art der Verwertung ausserhalb der Grenzen des Urheberrechtes bed\u00fcrfen der schriftlichen Zustimmung des jeweiligen Autors bzw. Erstellers. Downloads und Kopien dieser Seite sind nur f\u00fcr den privaten, nicht kommerziellen Gebrauch gestattet. Soweit die Inhalte auf dieser Seite nicht vom Betreiber erstellt wurden, werden die Urheberrechte Dritter beachtet. Insbesondere werden Inhalte Dritter als solche gekennzeichnet. Sollten Sie trotzdem auf eine Urheberrechtsverletzung aufmerksam werden, bitten wir um einen entsprechenden Hinweis. Bei Bekanntwerden von Rechtsverletzungen werden wir derartige Inhalte umgehend entfernen.<\/span><\/p>\n<hr \/>\n<p><span style=\"font-family: chalkduster; font-size: 14pt;\"><strong>Datenschutz:<\/strong><\/span><br \/>\n<span style=\"font-family: Arial, Helvetica, sans-serif;\">Die Nutzung meiner Webseite ist in der Regel ohne Angabe personenbezogener Daten m\u00f6glich. Soweit auf meinen Seiten personenbezogene Daten (beispielsweise Name, Anschrift oder eMail-Adressen) erhoben werden, erfolgt dies, soweit m\u00f6glich, stets auf freiwilliger Basis. Diese Daten werden ohne Ihre ausdr\u00fcckliche Zustimmung nicht an Dritte weitergegeben. <\/span><span style=\"font-family: Arial, Helvetica, sans-serif;\">Wir weisen darauf hin, dass die Daten\u00fcbertragung im Internet (z.B. bei der Kommunikation per E-Mail) Sicherheitsl\u00fccken aufweisen kann. Ein l\u00fcckenloser Schutz der Daten vor dem Zugriff durch Dritte ist nicht m\u00f6glich.<\/span><br \/>\n<span style=\"font-family: Arial, Helvetica, sans-serif;\">Der Nutzung von im Rahmen der Impressumspflicht ver\u00f6ffentlichten Kontaktdaten durch Dritte zur \u00dcbersendung von nicht ausdr\u00fccklich angeforderter Werbung und Informationsmaterialien wird hiermit ausdr\u00fccklich widersprochen. Die Betreiber der Seiten behalten sich ausdr\u00fccklich rechtliche Schritte im Falle der unverlangten Zusendung von Werbeinformationen, etwa durch Spam-Mails, vor.<br \/>\n<\/span><\/p>\n<p><span style=\"font-family: Arial, Helvetica, sans-serif;\"><strong>ACHTUNG:<\/strong> <\/span><\/p>\n<p><span style=\"font-family: Arial, Helvetica, sans-serif;\">Mit dem PlugIn (limit-login) werden alle Daten wie IP-Adresse, Browser inkl. autom. R\u00fcckverfolgung aktiviert.<\/span><\/p>\n<hr \/>\n<p><span style=\"font-family: chalkduster; font-size: 14pt;\"><strong>Datenschutzerkl\u00e4rung f\u00fcr die Nutzung von Facebook, Google Analytics, Twitter:<\/strong><\/span><br \/>\n<span style=\"font-family: Arial, Helvetica, sans-serif;\">Auf unseren Seiten sind zurzeit keine Plugins des sozialen Netzwerks Facebook, Google integriert.<\/span><br \/>\n<span style=\"font-family: Arial, Helvetica, sans-serif;\">Weitere Informationen hierzu finden Sie in den Datenschutzerkl\u00e4rung von Facebook, Google oder Twitter.<\/span><\/p>\n<hr \/>\n<p><span style=\"font-family: chalkduster; font-size: 14pt;\">Stand: 2023<\/span><\/p>\n<p>&nbsp;<\/p>\n","protected":false},"excerpt":{"rendered":"<p>&nbsp; &nbsp; &nbsp; Rechtliche Informationen: Hosting &amp; Webspace: Diese Webseite l\u00e4uft auf:\u00a0www.metanet.ch Webseitenregistrierung (Domain): Diese Webseite wurde registriert:\u00a0www.metanet.ch Web@reator: H-N\u00e4f, Informatik, Leimgrund 7, CH-5082 Kaisten www.hnweb.ch Webtemplate: Free Astra Theme f\u00fcr WordPress. Eigene Anpassungen. div. PlugIn: -fonts -classic -editor -duplicate-page -unite-gallery -lite -wordpress-seo Sicherheitszertifikat: F\u00fcr diese Seite wurde das Sicherheitszertifikat aktiviert. Somit f\u00fcr Google Aufrufe [&hellip;]<\/p>\n","protected":false},"author":1,"featured_media":0,"parent":0,"menu_order":5,"comment_status":"closed","ping_status":"closed","template":"","meta":{"site-sidebar-layout":"default","site-content-layout":"default","ast-site-content-layout":"default","site-content-style":"default","site-sidebar-style":"default","ast-global-header-display":"","ast-banner-title-visibility":"","ast-main-header-display":"","ast-hfb-above-header-display":"","ast-hfb-below-header-display":"","ast-hfb-mobile-header-display":"","site-post-title":"","ast-breadcrumbs-content":"","ast-featured-img":"","footer-sml-layout":"","theme-transparent-header-meta":"default","adv-header-id-meta":"","stick-header-meta":"","header-above-stick-meta":"","header-main-stick-meta":"","header-below-stick-meta":"","astra-migrate-meta-layouts":"default","ast-page-background-enabled":"default","ast-page-background-meta":{"desktop":{"background-color":"var(--ast-global-color-4)","background-image":"","background-repeat":"repeat","background-position":"center center","background-size":"auto","background-attachment":"scroll","background-type":"","background-media":"","overlay-type":"","overlay-color":"","overlay-opacity":"","overlay-gradient":""},"tablet":{"background-color":"","background-image":"","background-repeat":"repeat","background-position":"center center","background-size":"auto","background-attachment":"scroll","background-type":"","background-media":"","overlay-type":"","overlay-color":"","overlay-opacity":"","overlay-gradient":""},"mobile":{"background-color":"","background-image":"","background-repeat":"repeat","background-position":"center center","background-size":"auto","background-attachment":"scroll","background-type":"","background-media":"","overlay-type":"","overlay-color":"","overlay-opacity":"","overlay-gradient":""}},"ast-content-background-meta":{"desktop":{"background-color":"var(--ast-global-color-5)","background-image":"","background-repeat":"repeat","background-position":"center center","background-size":"auto","background-attachment":"scroll","background-type":"","background-media":"","overlay-type":"","overlay-color":"","overlay-opacity":"","overlay-gradient":""},"tablet":{"background-color":"var(--ast-global-color-5)","background-image":"","background-repeat":"repeat","background-position":"center center","background-size":"auto","background-attachment":"scroll","background-type":"","background-media":"","overlay-type":"","overlay-color":"","overlay-opacity":"","overlay-gradient":""},"mobile":{"background-color":"var(--ast-global-color-5)","background-image":"","background-repeat":"repeat","background-position":"center center","background-size":"auto","background-attachment":"scroll","background-type":"","background-media":"","overlay-type":"","overlay-color":"","overlay-opacity":"","overlay-gradient":""}},"footnotes":""},"class_list":["post-56","page","type-page","status-publish","hentry"],"yoast_head":"<!-- This site is optimized with the Yoast SEO plugin v27.0 - https:\/\/yoast.com\/product\/yoast-seo-wordpress\/ -->\n<title>Impressum -<\/title>\n<meta name=\"robots\" content=\"index, follow, max-snippet:-1, max-image-preview:large, max-video-preview:-1\" \/>\n<link rel=\"canonical\" href=\"https:\/\/gasthauszursonne.ch\/?page_id=56\" \/>\n<meta property=\"og:locale\" content=\"de_DE\" \/>\n<meta property=\"og:type\" content=\"article\" \/>\n<meta property=\"og:title\" content=\"Impressum -\" \/>\n<meta property=\"og:description\" content=\"&nbsp; &nbsp; &nbsp; Rechtliche Informationen: Hosting &amp; Webspace: Diese Webseite l\u00e4uft auf:\u00a0www.metanet.ch Webseitenregistrierung (Domain): Diese Webseite wurde registriert:\u00a0www.metanet.ch Web@reator: H-N\u00e4f, Informatik, Leimgrund 7, CH-5082 Kaisten www.hnweb.ch Webtemplate: Free Astra Theme f\u00fcr WordPress. Eigene Anpassungen. div. PlugIn: -fonts -classic -editor -duplicate-page -unite-gallery -lite -wordpress-seo Sicherheitszertifikat: F\u00fcr diese Seite wurde das Sicherheitszertifikat aktiviert. Somit f\u00fcr Google Aufrufe [&hellip;]\" \/>\n<meta property=\"og:url\" content=\"https:\/\/gasthauszursonne.ch\/?page_id=56\" \/>\n<meta property=\"article:modified_time\" content=\"2023-05-03T22:31:38+00:00\" \/>\n<meta property=\"og:image\" content=\"https:\/\/gasthauszursonne.ch\/wp-content\/uploads\/2023\/01\/Adresse2-300x133.jpg\" \/>\n<meta name=\"twitter:card\" content=\"summary_large_image\" \/>\n<meta name=\"twitter:label1\" content=\"Gesch\u00e4tzte Lesezeit\" \/>\n\t<meta name=\"twitter:data1\" content=\"4\u00a0Minuten\" \/>\n<script type=\"application\/ld+json\" class=\"yoast-schema-graph\">{\"@context\":\"https:\/\/schema.org\",\"@graph\":[{\"@type\":\"WebPage\",\"@id\":\"https:\/\/gasthauszursonne.ch\/?page_id=56\",\"url\":\"https:\/\/gasthauszursonne.ch\/?page_id=56\",\"name\":\"Impressum -\",\"isPartOf\":{\"@id\":\"https:\/\/gasthauszursonne.ch\/#website\"},\"primaryImageOfPage\":{\"@id\":\"https:\/\/gasthauszursonne.ch\/?page_id=56#primaryimage\"},\"image\":{\"@id\":\"https:\/\/gasthauszursonne.ch\/?page_id=56#primaryimage\"},\"thumbnailUrl\":\"https:\/\/gasthauszursonne.ch\/wp-content\/uploads\/2023\/01\/Adresse2-300x133.jpg\",\"datePublished\":\"2023-01-29T21:28:04+00:00\",\"dateModified\":\"2023-05-03T22:31:38+00:00\",\"breadcrumb\":{\"@id\":\"https:\/\/gasthauszursonne.ch\/?page_id=56#breadcrumb\"},\"inLanguage\":\"de\",\"potentialAction\":[{\"@type\":\"ReadAction\",\"target\":[\"https:\/\/gasthauszursonne.ch\/?page_id=56\"]}]},{\"@type\":\"ImageObject\",\"inLanguage\":\"de\",\"@id\":\"https:\/\/gasthauszursonne.ch\/?page_id=56#primaryimage\",\"url\":\"https:\/\/gasthauszursonne.ch\/wp-content\/uploads\/2023\/01\/Adresse2.jpg\",\"contentUrl\":\"https:\/\/gasthauszursonne.ch\/wp-content\/uploads\/2023\/01\/Adresse2.jpg\",\"width\":400,\"height\":177},{\"@type\":\"BreadcrumbList\",\"@id\":\"https:\/\/gasthauszursonne.ch\/?page_id=56#breadcrumb\",\"itemListElement\":[{\"@type\":\"ListItem\",\"position\":1,\"name\":\"Startseite\",\"item\":\"https:\/\/gasthauszursonne.ch\/\"},{\"@type\":\"ListItem\",\"position\":2,\"name\":\"Impressum\"}]},{\"@type\":\"WebSite\",\"@id\":\"https:\/\/gasthauszursonne.ch\/#website\",\"url\":\"https:\/\/gasthauszursonne.ch\/\",\"name\":\"\",\"description\":\"\",\"potentialAction\":[{\"@type\":\"SearchAction\",\"target\":{\"@type\":\"EntryPoint\",\"urlTemplate\":\"https:\/\/gasthauszursonne.ch\/?s={search_term_string}\"},\"query-input\":{\"@type\":\"PropertyValueSpecification\",\"valueRequired\":true,\"valueName\":\"search_term_string\"}}],\"inLanguage\":\"de\"}]}<\/script>\n<!-- \/ Yoast SEO plugin. -->","yoast_head_json":{"title":"Impressum -","robots":{"index":"index","follow":"follow","max-snippet":"max-snippet:-1","max-image-preview":"max-image-preview:large","max-video-preview":"max-video-preview:-1"},"canonical":"https:\/\/gasthauszursonne.ch\/?page_id=56","og_locale":"de_DE","og_type":"article","og_title":"Impressum -","og_description":"&nbsp; &nbsp; &nbsp; Rechtliche Informationen: Hosting &amp; Webspace: Diese Webseite l\u00e4uft auf:\u00a0www.metanet.ch Webseitenregistrierung (Domain): Diese Webseite wurde registriert:\u00a0www.metanet.ch Web@reator: H-N\u00e4f, Informatik, Leimgrund 7, CH-5082 Kaisten www.hnweb.ch Webtemplate: Free Astra Theme f\u00fcr WordPress. Eigene Anpassungen. div. PlugIn: -fonts -classic -editor -duplicate-page -unite-gallery -lite -wordpress-seo Sicherheitszertifikat: F\u00fcr diese Seite wurde das Sicherheitszertifikat aktiviert. Somit f\u00fcr Google Aufrufe [&hellip;]","og_url":"https:\/\/gasthauszursonne.ch\/?page_id=56","article_modified_time":"2023-05-03T22:31:38+00:00","og_image":[{"url":"https:\/\/gasthauszursonne.ch\/wp-content\/uploads\/2023\/01\/Adresse2-300x133.jpg","type":"","width":"","height":""}],"twitter_card":"summary_large_image","twitter_misc":{"Gesch\u00e4tzte Lesezeit":"4\u00a0Minuten"},"schema":{"@context":"https:\/\/schema.org","@graph":[{"@type":"WebPage","@id":"https:\/\/gasthauszursonne.ch\/?page_id=56","url":"https:\/\/gasthauszursonne.ch\/?page_id=56","name":"Impressum -","isPartOf":{"@id":"https:\/\/gasthauszursonne.ch\/#website"},"primaryImageOfPage":{"@id":"https:\/\/gasthauszursonne.ch\/?page_id=56#primaryimage"},"image":{"@id":"https:\/\/gasthauszursonne.ch\/?page_id=56#primaryimage"},"thumbnailUrl":"https:\/\/gasthauszursonne.ch\/wp-content\/uploads\/2023\/01\/Adresse2-300x133.jpg","datePublished":"2023-01-29T21:28:04+00:00","dateModified":"2023-05-03T22:31:38+00:00","breadcrumb":{"@id":"https:\/\/gasthauszursonne.ch\/?page_id=56#breadcrumb"},"inLanguage":"de","potentialAction":[{"@type":"ReadAction","target":["https:\/\/gasthauszursonne.ch\/?page_id=56"]}]},{"@type":"ImageObject","inLanguage":"de","@id":"https:\/\/gasthauszursonne.ch\/?page_id=56#primaryimage","url":"https:\/\/gasthauszursonne.ch\/wp-content\/uploads\/2023\/01\/Adresse2.jpg","contentUrl":"https:\/\/gasthauszursonne.ch\/wp-content\/uploads\/2023\/01\/Adresse2.jpg","width":400,"height":177},{"@type":"BreadcrumbList","@id":"https:\/\/gasthauszursonne.ch\/?page_id=56#breadcrumb","itemListElement":[{"@type":"ListItem","position":1,"name":"Startseite","item":"https:\/\/gasthauszursonne.ch\/"},{"@type":"ListItem","position":2,"name":"Impressum"}]},{"@type":"WebSite","@id":"https:\/\/gasthauszursonne.ch\/#website","url":"https:\/\/gasthauszursonne.ch\/","name":"","description":"","potentialAction":[{"@type":"SearchAction","target":{"@type":"EntryPoint","urlTemplate":"https:\/\/gasthauszursonne.ch\/?s={search_term_string}"},"query-input":{"@type":"PropertyValueSpecification","valueRequired":true,"valueName":"search_term_string"}}],"inLanguage":"de"}]}},"_links":{"self":[{"href":"https:\/\/gasthauszursonne.ch\/index.php?rest_route=\/wp\/v2\/pages\/56","targetHints":{"allow":["GET"]}}],"collection":[{"href":"https:\/\/gasthauszursonne.ch\/index.php?rest_route=\/wp\/v2\/pages"}],"about":[{"href":"https:\/\/gasthauszursonne.ch\/index.php?rest_route=\/wp\/v2\/types\/page"}],"author":[{"embeddable":true,"href":"https:\/\/gasthauszursonne.ch\/index.php?rest_route=\/wp\/v2\/users\/1"}],"replies":[{"embeddable":true,"href":"https:\/\/gasthauszursonne.ch\/index.php?rest_route=%2Fwp%2Fv2%2Fcomments&post=56"}],"version-history":[{"count":60,"href":"https:\/\/gasthauszursonne.ch\/index.php?rest_route=\/wp\/v2\/pages\/56\/revisions"}],"predecessor-version":[{"id":301,"href":"https:\/\/gasthauszursonne.ch\/index.php?rest_route=\/wp\/v2\/pages\/56\/revisions\/301"}],"wp:attachment":[{"href":"https:\/\/gasthauszursonne.ch\/index.php?rest_route=%2Fwp%2Fv2%2Fmedia&parent=56"}],"curies":[{"name":"wp","href":"https:\/\/api.w.org\/{rel}","templated":true}]}}