{"id":23,"date":"2023-01-18T02:26:39","date_gmt":"2023-01-18T02:26:39","guid":{"rendered":"https:\/\/gasthauszursonne.ch\/?page_id=23"},"modified":"2026-04-14T07:22:48","modified_gmt":"2026-04-14T07:22:48","slug":"gasthaus-zur-sonne-in-ittenthal","status":"publish","type":"page","link":"https:\/\/gasthauszursonne.ch\/","title":{"rendered":"Startseite"},"content":{"rendered":"<p>&nbsp;<\/p>\n<p>&nbsp;<\/p>\n<p style=\"text-align: center;\"><span style=\"font-family: chalkduster; font-size: 24pt;\">Ihr heimisches Gasthaus<\/span><\/p>\n<p style=\"text-align: center;\"><span style=\"font-family: chalkduster; font-size: 24pt;\">zur Sonne in Ittenthal.<\/span><\/p>\n<p>&nbsp;<\/p>\n<hr \/>\n<p style=\"text-align: center;\"><img loading=\"lazy\" decoding=\"async\" class=\"alignnone size-large wp-image-682\" src=\"https:\/\/gasthauszursonne.ch\/wp-content\/uploads\/2026\/04\/Bildschirmfoto-2026-04-13-um-20.15.20-761x1024.png\" alt=\"\" width=\"761\" height=\"1024\" srcset=\"https:\/\/gasthauszursonne.ch\/wp-content\/uploads\/2026\/04\/Bildschirmfoto-2026-04-13-um-20.15.20-761x1024.png 761w, https:\/\/gasthauszursonne.ch\/wp-content\/uploads\/2026\/04\/Bildschirmfoto-2026-04-13-um-20.15.20-223x300.png 223w, https:\/\/gasthauszursonne.ch\/wp-content\/uploads\/2026\/04\/Bildschirmfoto-2026-04-13-um-20.15.20-768x1034.png 768w, https:\/\/gasthauszursonne.ch\/wp-content\/uploads\/2026\/04\/Bildschirmfoto-2026-04-13-um-20.15.20-571x768.png 571w, https:\/\/gasthauszursonne.ch\/wp-content\/uploads\/2026\/04\/Bildschirmfoto-2026-04-13-um-20.15.20.png 850w\" sizes=\"auto, (max-width: 761px) 100vw, 761px\" \/><\/p>\n<hr \/>\n<p style=\"text-align: center;\"><span style=\"font-family: chalkduster; font-size: 18pt;\">Wir freuen uns, Sie bald im <\/span><\/p>\n<p style=\"text-align: center;\"><span style=\"font-family: chalkduster; font-size: 18pt;\">Gasthaus zur Sonne begr\u00fcssen <\/span><\/p>\n<p style=\"text-align: center;\"><span style=\"font-family: chalkduster; font-size: 18pt;\">zu d\u00fcrfen; ob im kleinen Rahmen, <\/span><\/p>\n<p style=\"text-align: center;\"><span style=\"font-family: chalkduster; font-size: 18pt;\">oder mit einer gr\u00f6sseren Gesellschaft.<\/span><\/p>\n<hr \/>\n<p style=\"text-align: center;\"><img loading=\"lazy\" decoding=\"async\" class=\"alignnone size-full wp-image-673\" src=\"https:\/\/gasthauszursonne.ch\/wp-content\/uploads\/2026\/04\/Bildschirmfoto-2026-04-11-um-08.48.09.png\" alt=\"\" width=\"834\" height=\"936\" srcset=\"https:\/\/gasthauszursonne.ch\/wp-content\/uploads\/2026\/04\/Bildschirmfoto-2026-04-11-um-08.48.09.png 834w, https:\/\/gasthauszursonne.ch\/wp-content\/uploads\/2026\/04\/Bildschirmfoto-2026-04-11-um-08.48.09-267x300.png 267w, https:\/\/gasthauszursonne.ch\/wp-content\/uploads\/2026\/04\/Bildschirmfoto-2026-04-11-um-08.48.09-768x862.png 768w, https:\/\/gasthauszursonne.ch\/wp-content\/uploads\/2026\/04\/Bildschirmfoto-2026-04-11-um-08.48.09-684x768.png 684w\" sizes=\"auto, (max-width: 834px) 100vw, 834px\" \/><\/p>\n<hr \/>\n<p style=\"text-align: center;\"><img loading=\"lazy\" decoding=\"async\" class=\"alignnone size-large wp-image-674\" src=\"https:\/\/gasthauszursonne.ch\/wp-content\/uploads\/2026\/04\/Bildschirmfoto-2026-04-11-um-08.48.37-636x1024.png\" alt=\"\" width=\"636\" height=\"1024\" srcset=\"https:\/\/gasthauszursonne.ch\/wp-content\/uploads\/2026\/04\/Bildschirmfoto-2026-04-11-um-08.48.37-636x1024.png 636w, https:\/\/gasthauszursonne.ch\/wp-content\/uploads\/2026\/04\/Bildschirmfoto-2026-04-11-um-08.48.37-186x300.png 186w, https:\/\/gasthauszursonne.ch\/wp-content\/uploads\/2026\/04\/Bildschirmfoto-2026-04-11-um-08.48.37-768x1237.png 768w, https:\/\/gasthauszursonne.ch\/wp-content\/uploads\/2026\/04\/Bildschirmfoto-2026-04-11-um-08.48.37-477x768.png 477w, https:\/\/gasthauszursonne.ch\/wp-content\/uploads\/2026\/04\/Bildschirmfoto-2026-04-11-um-08.48.37.png 786w\" sizes=\"auto, (max-width: 636px) 100vw, 636px\" \/><\/p>\n<hr \/>\n<p style=\"text-align: center;\"><img loading=\"lazy\" decoding=\"async\" class=\"alignnone size-large wp-image-675\" src=\"https:\/\/gasthauszursonne.ch\/wp-content\/uploads\/2026\/04\/Bildschirmfoto-2026-04-11-um-08.49.03-714x1024.png\" alt=\"\" width=\"714\" height=\"1024\" srcset=\"https:\/\/gasthauszursonne.ch\/wp-content\/uploads\/2026\/04\/Bildschirmfoto-2026-04-11-um-08.49.03-714x1024.png 714w, https:\/\/gasthauszursonne.ch\/wp-content\/uploads\/2026\/04\/Bildschirmfoto-2026-04-11-um-08.49.03-209x300.png 209w, https:\/\/gasthauszursonne.ch\/wp-content\/uploads\/2026\/04\/Bildschirmfoto-2026-04-11-um-08.49.03-768x1102.png 768w, https:\/\/gasthauszursonne.ch\/wp-content\/uploads\/2026\/04\/Bildschirmfoto-2026-04-11-um-08.49.03-535x768.png 535w, https:\/\/gasthauszursonne.ch\/wp-content\/uploads\/2026\/04\/Bildschirmfoto-2026-04-11-um-08.49.03.png 856w\" sizes=\"auto, (max-width: 714px) 100vw, 714px\" \/><\/p>\n<hr \/>\n<p style=\"text-align: center;\"><img loading=\"lazy\" decoding=\"async\" class=\"alignnone size-large wp-image-677\" src=\"https:\/\/gasthauszursonne.ch\/wp-content\/uploads\/2026\/04\/Bildschirmfoto-2026-04-11-um-16.20.29-1024x466.png\" alt=\"\" width=\"1024\" height=\"466\" srcset=\"https:\/\/gasthauszursonne.ch\/wp-content\/uploads\/2026\/04\/Bildschirmfoto-2026-04-11-um-16.20.29-1024x466.png 1024w, https:\/\/gasthauszursonne.ch\/wp-content\/uploads\/2026\/04\/Bildschirmfoto-2026-04-11-um-16.20.29-300x137.png 300w, https:\/\/gasthauszursonne.ch\/wp-content\/uploads\/2026\/04\/Bildschirmfoto-2026-04-11-um-16.20.29-768x350.png 768w, https:\/\/gasthauszursonne.ch\/wp-content\/uploads\/2026\/04\/Bildschirmfoto-2026-04-11-um-16.20.29.png 1454w\" sizes=\"auto, (max-width: 1024px) 100vw, 1024px\" \/><\/p>\n<hr \/>\n<p style=\"text-align: center;\"><img loading=\"lazy\" decoding=\"async\" class=\"alignnone size-large wp-image-676\" src=\"https:\/\/gasthauszursonne.ch\/wp-content\/uploads\/2026\/04\/Bildschirmfoto-2026-04-11-um-08.49.25-725x1024.png\" alt=\"\" width=\"725\" height=\"1024\" srcset=\"https:\/\/gasthauszursonne.ch\/wp-content\/uploads\/2026\/04\/Bildschirmfoto-2026-04-11-um-08.49.25-725x1024.png 725w, https:\/\/gasthauszursonne.ch\/wp-content\/uploads\/2026\/04\/Bildschirmfoto-2026-04-11-um-08.49.25-212x300.png 212w, https:\/\/gasthauszursonne.ch\/wp-content\/uploads\/2026\/04\/Bildschirmfoto-2026-04-11-um-08.49.25-768x1084.png 768w, https:\/\/gasthauszursonne.ch\/wp-content\/uploads\/2026\/04\/Bildschirmfoto-2026-04-11-um-08.49.25-544x768.png 544w, https:\/\/gasthauszursonne.ch\/wp-content\/uploads\/2026\/04\/Bildschirmfoto-2026-04-11-um-08.49.25.png 874w\" sizes=\"auto, (max-width: 725px) 100vw, 725px\" \/><\/p>\n<hr \/>\n<p style=\"text-align: center;\"><img loading=\"lazy\" decoding=\"async\" class=\"alignnone size-full wp-image-647\" src=\"https:\/\/gasthauszursonne.ch\/wp-content\/uploads\/2026\/03\/Bildschirmfoto-2026-03-14-um-22.12.08.png\" alt=\"\" width=\"542\" height=\"774\" srcset=\"https:\/\/gasthauszursonne.ch\/wp-content\/uploads\/2026\/03\/Bildschirmfoto-2026-03-14-um-22.12.08.png 542w, https:\/\/gasthauszursonne.ch\/wp-content\/uploads\/2026\/03\/Bildschirmfoto-2026-03-14-um-22.12.08-210x300.png 210w, https:\/\/gasthauszursonne.ch\/wp-content\/uploads\/2026\/03\/Bildschirmfoto-2026-03-14-um-22.12.08-538x768.png 538w\" sizes=\"auto, (max-width: 542px) 100vw, 542px\" \/><\/p>\n<hr \/>\n<p style=\"text-align: center;\"><img loading=\"lazy\" decoding=\"async\" class=\"alignnone size-large wp-image-642\" src=\"https:\/\/gasthauszursonne.ch\/wp-content\/uploads\/2026\/03\/Bildschirmfoto-2026-03-04-um-13.35.13-1024x269.png\" alt=\"\" width=\"1024\" height=\"269\" srcset=\"https:\/\/gasthauszursonne.ch\/wp-content\/uploads\/2026\/03\/Bildschirmfoto-2026-03-04-um-13.35.13-1024x269.png 1024w, https:\/\/gasthauszursonne.ch\/wp-content\/uploads\/2026\/03\/Bildschirmfoto-2026-03-04-um-13.35.13-300x79.png 300w, https:\/\/gasthauszursonne.ch\/wp-content\/uploads\/2026\/03\/Bildschirmfoto-2026-03-04-um-13.35.13-768x202.png 768w, https:\/\/gasthauszursonne.ch\/wp-content\/uploads\/2026\/03\/Bildschirmfoto-2026-03-04-um-13.35.13.png 1232w\" sizes=\"auto, (max-width: 1024px) 100vw, 1024px\" \/><\/p>\n<hr \/>\n<p style=\"text-align: center;\"><img loading=\"lazy\" decoding=\"async\" class=\"size-full wp-image-539 aligncenter\" src=\"https:\/\/gasthauszursonne.ch\/wp-content\/uploads\/2025\/07\/Bildschirmfoto-2025-07-13-um-09.10.35-1.png\" alt=\"\" width=\"1024\" height=\"1034\" srcset=\"https:\/\/gasthauszursonne.ch\/wp-content\/uploads\/2025\/07\/Bildschirmfoto-2025-07-13-um-09.10.35-1.png 1024w, https:\/\/gasthauszursonne.ch\/wp-content\/uploads\/2025\/07\/Bildschirmfoto-2025-07-13-um-09.10.35-1-297x300.png 297w\" sizes=\"auto, (max-width: 1024px) 100vw, 1024px\" \/><\/p>\n<hr \/>\n<p style=\"text-align: center;\"><img loading=\"lazy\" decoding=\"async\" class=\"alignnone size-large wp-image-470\" src=\"https:\/\/gasthauszursonne.ch\/wp-content\/uploads\/2025\/01\/Bildschirmfoto-2025-01-17-um-18.08.05-1024x337.png\" alt=\"\" width=\"1024\" height=\"337\" srcset=\"https:\/\/gasthauszursonne.ch\/wp-content\/uploads\/2025\/01\/Bildschirmfoto-2025-01-17-um-18.08.05-1024x337.png 1024w, https:\/\/gasthauszursonne.ch\/wp-content\/uploads\/2025\/01\/Bildschirmfoto-2025-01-17-um-18.08.05-300x99.png 300w, https:\/\/gasthauszursonne.ch\/wp-content\/uploads\/2025\/01\/Bildschirmfoto-2025-01-17-um-18.08.05-768x253.png 768w, https:\/\/gasthauszursonne.ch\/wp-content\/uploads\/2025\/01\/Bildschirmfoto-2025-01-17-um-18.08.05.png 1428w\" sizes=\"auto, (max-width: 1024px) 100vw, 1024px\" \/><\/p>\n<p>&nbsp;<\/p>\n<hr \/>\n<p>&nbsp;<\/p>\n<p style=\"text-align: center;\"><img loading=\"lazy\" decoding=\"async\" class=\"alignnone size-full wp-image-575\" src=\"https:\/\/gasthauszursonne.ch\/wp-content\/uploads\/2025\/11\/Bildschirmfoto-2025-11-04-um-22.42.53.png\" alt=\"\" width=\"688\" height=\"830\" srcset=\"https:\/\/gasthauszursonne.ch\/wp-content\/uploads\/2025\/11\/Bildschirmfoto-2025-11-04-um-22.42.53.png 688w, https:\/\/gasthauszursonne.ch\/wp-content\/uploads\/2025\/11\/Bildschirmfoto-2025-11-04-um-22.42.53-249x300.png 249w, https:\/\/gasthauszursonne.ch\/wp-content\/uploads\/2025\/11\/Bildschirmfoto-2025-11-04-um-22.42.53-637x768.png 637w\" sizes=\"auto, (max-width: 688px) 100vw, 688px\" \/><\/p>\n<p>&nbsp;<\/p>\n<hr \/>\n<p style=\"text-align: center;\"><img loading=\"lazy\" decoding=\"async\" class=\"alignnone size-full wp-image-573\" src=\"https:\/\/gasthauszursonne.ch\/wp-content\/uploads\/2025\/11\/Bildschirmfoto-2025-11-01-um-14.56.45.png\" alt=\"\" width=\"788\" height=\"978\" srcset=\"https:\/\/gasthauszursonne.ch\/wp-content\/uploads\/2025\/11\/Bildschirmfoto-2025-11-01-um-14.56.45.png 788w, https:\/\/gasthauszursonne.ch\/wp-content\/uploads\/2025\/11\/Bildschirmfoto-2025-11-01-um-14.56.45-242x300.png 242w, https:\/\/gasthauszursonne.ch\/wp-content\/uploads\/2025\/11\/Bildschirmfoto-2025-11-01-um-14.56.45-768x953.png 768w, https:\/\/gasthauszursonne.ch\/wp-content\/uploads\/2025\/11\/Bildschirmfoto-2025-11-01-um-14.56.45-619x768.png 619w\" sizes=\"auto, (max-width: 788px) 100vw, 788px\" \/><\/p>\n","protected":false},"excerpt":{"rendered":"<p>&nbsp; &nbsp; Ihr heimisches Gasthaus zur Sonne in Ittenthal. &nbsp; Wir freuen uns, Sie bald im Gasthaus zur Sonne begr\u00fcssen zu d\u00fcrfen; ob im kleinen Rahmen, oder mit einer gr\u00f6sseren Gesellschaft. &nbsp; &nbsp; &nbsp;<\/p>\n","protected":false},"author":1,"featured_media":0,"parent":0,"menu_order":0,"comment_status":"closed","ping_status":"closed","template":"","meta":{"site-sidebar-layout":"default","site-content-layout":"default","ast-site-content-layout":"default","site-content-style":"default","site-sidebar-style":"default","ast-global-header-display":"","ast-banner-title-visibility":"","ast-main-header-display":"","ast-hfb-above-header-display":"","ast-hfb-below-header-display":"","ast-hfb-mobile-header-display":"","site-post-title":"","ast-breadcrumbs-content":"","ast-featured-img":"","footer-sml-layout":"","theme-transparent-header-meta":"default","adv-header-id-meta":"","stick-header-meta":"","header-above-stick-meta":"","header-main-stick-meta":"","header-below-stick-meta":"","astra-migrate-meta-layouts":"set","ast-page-background-enabled":"default","ast-page-background-meta":{"desktop":{"background-color":"var(--ast-global-color-4)","background-image":"","background-repeat":"repeat","background-position":"center center","background-size":"auto","background-attachment":"scroll","background-type":"","background-media":"","overlay-type":"","overlay-color":"","overlay-opacity":"","overlay-gradient":""},"tablet":{"background-color":"","background-image":"","background-repeat":"repeat","background-position":"center center","background-size":"auto","background-attachment":"scroll","background-type":"","background-media":"","overlay-type":"","overlay-color":"","overlay-opacity":"","overlay-gradient":""},"mobile":{"background-color":"","background-image":"","background-repeat":"repeat","background-position":"center center","background-size":"auto","background-attachment":"scroll","background-type":"","background-media":"","overlay-type":"","overlay-color":"","overlay-opacity":"","overlay-gradient":""}},"ast-content-background-meta":{"desktop":{"background-color":"var(--ast-global-color-5)","background-image":"","background-repeat":"repeat","background-position":"center center","background-size":"auto","background-attachment":"scroll","background-type":"","background-media":"","overlay-type":"","overlay-color":"","overlay-opacity":"","overlay-gradient":""},"tablet":{"background-color":"var(--ast-global-color-5)","background-image":"","background-repeat":"repeat","background-position":"center center","background-size":"auto","background-attachment":"scroll","background-type":"","background-media":"","overlay-type":"","overlay-color":"","overlay-opacity":"","overlay-gradient":""},"mobile":{"background-color":"var(--ast-global-color-5)","background-image":"","background-repeat":"repeat","background-position":"center center","background-size":"auto","background-attachment":"scroll","background-type":"","background-media":"","overlay-type":"","overlay-color":"","overlay-opacity":"","overlay-gradient":""}},"footnotes":""},"class_list":["post-23","page","type-page","status-publish","hentry"],"yoast_head":"<!-- This site is optimized with the Yoast SEO plugin v27.0 - https:\/\/yoast.com\/product\/yoast-seo-wordpress\/ -->\n<title>Startseite - %<\/title>\n<meta name=\"description\" content=\"Bier, Essen, Gasthaus, Gasthof, Gastst\u00e4tte, Gastwirtschaft, Getr\u00e4nke, Landgasthof, Mahlzeit, Sonne, Speiselokal, Speisen, Trinken, Wirtschaft, Restaurant, Kaisten, Ittenthal %\" \/>\n<meta name=\"robots\" content=\"index, follow, max-snippet:-1, max-image-preview:large, max-video-preview:-1\" \/>\n<link rel=\"canonical\" href=\"https:\/\/gasthauszursonne.ch\/\" \/>\n<meta property=\"og:locale\" content=\"de_DE\" \/>\n<meta property=\"og:type\" content=\"article\" \/>\n<meta property=\"og:title\" content=\"Startseite - %\" \/>\n<meta property=\"og:description\" content=\"Bier, Essen, Gasthaus, Gasthof, Gastst\u00e4tte, Gastwirtschaft, Getr\u00e4nke, Landgasthof, Mahlzeit, Sonne, Speiselokal, Speisen, Trinken, Wirtschaft, Restaurant, Kaisten, Ittenthal %\" \/>\n<meta property=\"og:url\" content=\"https:\/\/gasthauszursonne.ch\/\" \/>\n<meta property=\"article:modified_time\" content=\"2026-04-14T07:22:48+00:00\" \/>\n<meta property=\"og:image\" content=\"https:\/\/gasthauszursonne.ch\/wp-content\/uploads\/2026\/04\/Bildschirmfoto-2026-04-13-um-20.15.20.png\" \/>\n\t<meta property=\"og:image:width\" content=\"850\" \/>\n\t<meta property=\"og:image:height\" content=\"1144\" \/>\n\t<meta property=\"og:image:type\" content=\"image\/png\" \/>\n<meta name=\"twitter:card\" content=\"summary_large_image\" \/>\n<meta name=\"twitter:label1\" content=\"Gesch\u00e4tzte Lesezeit\" \/>\n\t<meta name=\"twitter:data1\" content=\"3\u00a0Minuten\" \/>\n<script type=\"application\/ld+json\" class=\"yoast-schema-graph\">{\"@context\":\"https:\/\/schema.org\",\"@graph\":[{\"@type\":\"WebPage\",\"@id\":\"https:\/\/gasthauszursonne.ch\/\",\"url\":\"https:\/\/gasthauszursonne.ch\/\",\"name\":\"Startseite - %\",\"isPartOf\":{\"@id\":\"https:\/\/gasthauszursonne.ch\/#website\"},\"primaryImageOfPage\":{\"@id\":\"https:\/\/gasthauszursonne.ch\/#primaryimage\"},\"image\":{\"@id\":\"https:\/\/gasthauszursonne.ch\/#primaryimage\"},\"thumbnailUrl\":\"https:\/\/gasthauszursonne.ch\/wp-content\/uploads\/2026\/04\/Bildschirmfoto-2026-04-13-um-20.15.20-761x1024.png\",\"datePublished\":\"2023-01-18T02:26:39+00:00\",\"dateModified\":\"2026-04-14T07:22:48+00:00\",\"description\":\"Bier, Essen, Gasthaus, Gasthof, Gastst\u00e4tte, Gastwirtschaft, Getr\u00e4nke, Landgasthof, Mahlzeit, Sonne, Speiselokal, Speisen, Trinken, Wirtschaft, Restaurant, Kaisten, Ittenthal %\",\"breadcrumb\":{\"@id\":\"https:\/\/gasthauszursonne.ch\/#breadcrumb\"},\"inLanguage\":\"de\",\"potentialAction\":[{\"@type\":\"ReadAction\",\"target\":[\"https:\/\/gasthauszursonne.ch\/\"]}]},{\"@type\":\"ImageObject\",\"inLanguage\":\"de\",\"@id\":\"https:\/\/gasthauszursonne.ch\/#primaryimage\",\"url\":\"https:\/\/gasthauszursonne.ch\/wp-content\/uploads\/2026\/04\/Bildschirmfoto-2026-04-13-um-20.15.20.png\",\"contentUrl\":\"https:\/\/gasthauszursonne.ch\/wp-content\/uploads\/2026\/04\/Bildschirmfoto-2026-04-13-um-20.15.20.png\",\"width\":850,\"height\":1144},{\"@type\":\"BreadcrumbList\",\"@id\":\"https:\/\/gasthauszursonne.ch\/#breadcrumb\",\"itemListElement\":[{\"@type\":\"ListItem\",\"position\":1,\"name\":\"Startseite\",\"item\":\"https:\/\/gasthauszursonne.ch\/\"},{\"@type\":\"ListItem\",\"position\":2,\"name\":\"Startseite\"}]},{\"@type\":\"WebSite\",\"@id\":\"https:\/\/gasthauszursonne.ch\/#website\",\"url\":\"https:\/\/gasthauszursonne.ch\/\",\"name\":\"\",\"description\":\"\",\"potentialAction\":[{\"@type\":\"SearchAction\",\"target\":{\"@type\":\"EntryPoint\",\"urlTemplate\":\"https:\/\/gasthauszursonne.ch\/?s={search_term_string}\"},\"query-input\":{\"@type\":\"PropertyValueSpecification\",\"valueRequired\":true,\"valueName\":\"search_term_string\"}}],\"inLanguage\":\"de\"}]}<\/script>\n<!-- \/ Yoast SEO plugin. -->","yoast_head_json":{"title":"Startseite - %","description":"Bier, Essen, Gasthaus, Gasthof, Gastst\u00e4tte, Gastwirtschaft, Getr\u00e4nke, Landgasthof, Mahlzeit, Sonne, Speiselokal, Speisen, Trinken, Wirtschaft, Restaurant, Kaisten, Ittenthal %","robots":{"index":"index","follow":"follow","max-snippet":"max-snippet:-1","max-image-preview":"max-image-preview:large","max-video-preview":"max-video-preview:-1"},"canonical":"https:\/\/gasthauszursonne.ch\/","og_locale":"de_DE","og_type":"article","og_title":"Startseite - %","og_description":"Bier, Essen, Gasthaus, Gasthof, Gastst\u00e4tte, Gastwirtschaft, Getr\u00e4nke, Landgasthof, Mahlzeit, Sonne, Speiselokal, Speisen, Trinken, Wirtschaft, Restaurant, Kaisten, Ittenthal %","og_url":"https:\/\/gasthauszursonne.ch\/","article_modified_time":"2026-04-14T07:22:48+00:00","og_image":[{"width":850,"height":1144,"url":"https:\/\/gasthauszursonne.ch\/wp-content\/uploads\/2026\/04\/Bildschirmfoto-2026-04-13-um-20.15.20.png","type":"image\/png"}],"twitter_card":"summary_large_image","twitter_misc":{"Gesch\u00e4tzte Lesezeit":"3\u00a0Minuten"},"schema":{"@context":"https:\/\/schema.org","@graph":[{"@type":"WebPage","@id":"https:\/\/gasthauszursonne.ch\/","url":"https:\/\/gasthauszursonne.ch\/","name":"Startseite - %","isPartOf":{"@id":"https:\/\/gasthauszursonne.ch\/#website"},"primaryImageOfPage":{"@id":"https:\/\/gasthauszursonne.ch\/#primaryimage"},"image":{"@id":"https:\/\/gasthauszursonne.ch\/#primaryimage"},"thumbnailUrl":"https:\/\/gasthauszursonne.ch\/wp-content\/uploads\/2026\/04\/Bildschirmfoto-2026-04-13-um-20.15.20-761x1024.png","datePublished":"2023-01-18T02:26:39+00:00","dateModified":"2026-04-14T07:22:48+00:00","description":"Bier, Essen, Gasthaus, Gasthof, Gastst\u00e4tte, Gastwirtschaft, Getr\u00e4nke, Landgasthof, Mahlzeit, Sonne, Speiselokal, Speisen, Trinken, Wirtschaft, Restaurant, Kaisten, Ittenthal %","breadcrumb":{"@id":"https:\/\/gasthauszursonne.ch\/#breadcrumb"},"inLanguage":"de","potentialAction":[{"@type":"ReadAction","target":["https:\/\/gasthauszursonne.ch\/"]}]},{"@type":"ImageObject","inLanguage":"de","@id":"https:\/\/gasthauszursonne.ch\/#primaryimage","url":"https:\/\/gasthauszursonne.ch\/wp-content\/uploads\/2026\/04\/Bildschirmfoto-2026-04-13-um-20.15.20.png","contentUrl":"https:\/\/gasthauszursonne.ch\/wp-content\/uploads\/2026\/04\/Bildschirmfoto-2026-04-13-um-20.15.20.png","width":850,"height":1144},{"@type":"BreadcrumbList","@id":"https:\/\/gasthauszursonne.ch\/#breadcrumb","itemListElement":[{"@type":"ListItem","position":1,"name":"Startseite","item":"https:\/\/gasthauszursonne.ch\/"},{"@type":"ListItem","position":2,"name":"Startseite"}]},{"@type":"WebSite","@id":"https:\/\/gasthauszursonne.ch\/#website","url":"https:\/\/gasthauszursonne.ch\/","name":"","description":"","potentialAction":[{"@type":"SearchAction","target":{"@type":"EntryPoint","urlTemplate":"https:\/\/gasthauszursonne.ch\/?s={search_term_string}"},"query-input":{"@type":"PropertyValueSpecification","valueRequired":true,"valueName":"search_term_string"}}],"inLanguage":"de"}]}},"_links":{"self":[{"href":"https:\/\/gasthauszursonne.ch\/index.php?rest_route=\/wp\/v2\/pages\/23","targetHints":{"allow":["GET"]}}],"collection":[{"href":"https:\/\/gasthauszursonne.ch\/index.php?rest_route=\/wp\/v2\/pages"}],"about":[{"href":"https:\/\/gasthauszursonne.ch\/index.php?rest_route=\/wp\/v2\/types\/page"}],"author":[{"embeddable":true,"href":"https:\/\/gasthauszursonne.ch\/index.php?rest_route=\/wp\/v2\/users\/1"}],"replies":[{"embeddable":true,"href":"https:\/\/gasthauszursonne.ch\/index.php?rest_route=%2Fwp%2Fv2%2Fcomments&post=23"}],"version-history":[{"count":213,"href":"https:\/\/gasthauszursonne.ch\/index.php?rest_route=\/wp\/v2\/pages\/23\/revisions"}],"predecessor-version":[{"id":683,"href":"https:\/\/gasthauszursonne.ch\/index.php?rest_route=\/wp\/v2\/pages\/23\/revisions\/683"}],"wp:attachment":[{"href":"https:\/\/gasthauszursonne.ch\/index.php?rest_route=%2Fwp%2Fv2%2Fmedia&parent=23"}],"curies":[{"name":"wp","href":"https:\/\/api.w.org\/{rel}","templated":true}]}}